{"id":797,"date":"2018-05-01T11:49:42","date_gmt":"2018-05-01T11:49:42","guid":{"rendered":"http:\/\/www.stephaniemenase.com\/?page_id=797"},"modified":"2026-04-27T09:39:58","modified_gmt":"2026-04-27T09:39:58","slug":"15-minutes-de-feldenkrais-bande-annonce","status":"publish","type":"page","link":"https:\/\/www.stephaniemenase.com\/?page_id=797","title":{"rendered":"\u00ab\u00a015 minutes de Feldenkrais\u00a0\u00bb et  bande annonce"},"content":{"rendered":"<p><strong>Film (<em>to watch it<\/em>\u00a0<em>click on<a href=\"https:\/\/drive.google.com\/open?id=1xzanI0IzCZn1rUksfJMWkGJ-sqqW2oRy\"> the titles<\/a><\/em>)<\/strong><\/p>\n<p><strong>\u00ab\u00a0<a href=\"https:\/\/youtu.be\/p4SuuwomInA\">15 minutes de Feldenkrais\u00a0<\/a>\u00bb (V.O.), un film de St\u00e9phanie M\u00e9nas\u00e9, avril 2018, Paris, 15&rsquo;42\u00a0\u00bb<br \/>\n<\/strong><em>(with english subtitles)<br \/>\n<\/em>Ce court m\u00e9trage illustre de quelle fa\u00e7on un praticien Feldenkrais proc\u00e8de en s\u00e9ance individuelle ; il cherche, en interaction avec la personne (pour le film, c&rsquo;est une poup\u00e9e qui sert de sujet), \u00e0 favoriser de nouvelles aptitudes en cr\u00e9ant des conditions d&rsquo;apprentissage par la voie sensori-motrice, principalement.<br \/>\nLe film expose la nature de l&rsquo;interaction, les processus d&rsquo;observation et le type d&rsquo;investigation \u00e0 partir desquels s&rsquo;\u00e9labore la le\u00e7on, les possibles effets ressentis (plus, mieux, diff\u00e9remment), la place de l&rsquo;exp\u00e9rience sensible dans ce projet, la tenue de l&rsquo;\u00e9l\u00e8ve, la qualit\u00e9 du toucher du praticien, l&rsquo;importance de certains dispositifs.<\/p>\n<p><a href=\"https:\/\/drive.google.com\/open?id=1YggNYQjYvPHht-Q17HS3l__TFCTpcNh_\"><strong>Bande annonce<\/strong><\/a> (1&rsquo;20) (<a href=\"https:\/\/drive.google.com\/file\/d\/1YggNYQjYvPHht-Q17HS3l__TFCTpcNh_\/view?usp=sharing\">cliquez ici\/<em>click here<\/em><\/a>)<br \/>\n<em>with english subtitles<\/em><\/p>\n<p><strong>Movie<\/strong><\/p>\n<p>\u00ab\u00a0<a href=\"https:\/\/www.youtube.com\/watch?v=yTHl1VDCrGM\">15 mn of Feldenkrais<\/a>\u00a0\u00bb a movie by St\u00e9phanie M\u00e9nas\u00e9, avril 18, 15&rsquo;42\u00a0\u00bb (english version improved thanks to the help of Ben Parsons &#8211;<a href=\"http:\/\/www.potsdam-feldenkrais.com\">Feldenkrais practitionner<\/a> in Postdam).<br \/>\nThis short film illustrates how a Feldenkrais practitioner works during an individual session; through interaction with the person (in the film, a doll serves as the subject), the practitioner seeks to foster new abilities by creating conditions for learning, primarily through sensory-motor pathways.<br \/>\nThe film explores the nature of the interaction, the observation processes and the type of inquiry from which the lesson is developed, the possible effects experienced (more, better, differently), the role of sensory experience in this process, the student\u2019s posture, the quality of the practitioner\u2019s touch, and the importance of certain features.<\/p>\n<p>&nbsp;<\/p>\n<p>&nbsp;<\/p>\n<p>Tous droits r\u00e9serv\u00e9s, St\u00e9phanie M\u00e9nas\u00e9; reproduction interdite.<\/p>\n","protected":false},"excerpt":{"rendered":"<p>Film (to watch it\u00a0click on the titles) \u00ab\u00a015 minutes de Feldenkrais\u00a0\u00bb (V.O.), un film de&#8230;<\/p>\n","protected":false},"author":1,"featured_media":0,"parent":390,"menu_order":0,"comment_status":"closed","ping_status":"closed","template":"","meta":{"footnotes":""},"class_list":["post-797","page","type-page","status-publish","hentry"],"_links":{"self":[{"href":"https:\/\/www.stephaniemenase.com\/index.php?rest_route=\/wp\/v2\/pages\/797","targetHints":{"allow":["GET"]}}],"collection":[{"href":"https:\/\/www.stephaniemenase.com\/index.php?rest_route=\/wp\/v2\/pages"}],"about":[{"href":"https:\/\/www.stephaniemenase.com\/index.php?rest_route=\/wp\/v2\/types\/page"}],"author":[{"embeddable":true,"href":"https:\/\/www.stephaniemenase.com\/index.php?rest_route=\/wp\/v2\/users\/1"}],"replies":[{"embeddable":true,"href":"https:\/\/www.stephaniemenase.com\/index.php?rest_route=%2Fwp%2Fv2%2Fcomments&post=797"}],"version-history":[{"count":21,"href":"https:\/\/www.stephaniemenase.com\/index.php?rest_route=\/wp\/v2\/pages\/797\/revisions"}],"predecessor-version":[{"id":1390,"href":"https:\/\/www.stephaniemenase.com\/index.php?rest_route=\/wp\/v2\/pages\/797\/revisions\/1390"}],"up":[{"embeddable":true,"href":"https:\/\/www.stephaniemenase.com\/index.php?rest_route=\/wp\/v2\/pages\/390"}],"wp:attachment":[{"href":"https:\/\/www.stephaniemenase.com\/index.php?rest_route=%2Fwp%2Fv2%2Fmedia&parent=797"}],"curies":[{"name":"wp","href":"https:\/\/api.w.org\/{rel}","templated":true}]}}