{"id":1278,"date":"2025-08-31T09:25:55","date_gmt":"2025-08-31T09:25:55","guid":{"rendered":"https:\/\/www.stephaniemenase.com\/?page_id=1278"},"modified":"2025-09-07T09:47:11","modified_gmt":"2025-09-07T09:47:11","slug":"reserves-ouvertes-box-with-views-chapitre-1","status":"publish","type":"page","link":"https:\/\/www.stephaniemenase.com\/?page_id=1278","title":{"rendered":"R\u00e9serves ouvertes \u2013 Box with Views (Chapitre 1)"},"content":{"rendered":"\n<h2 class=\"wp-block-heading\">Exposition personnelle dans le cadre des JNA 2025 \u2013 MdA<br><strong>13 &amp; 14 septembre 2025<\/strong><\/h2>\n\n\n<div class=\"wp-block-image\">\n<figure class=\"aligncenter size-large\"><img loading=\"lazy\" decoding=\"async\" width=\"495\" height=\"700\" src=\"http:\/\/www.stephaniemenase.com\/wp-content\/uploads\/2025\/08\/entassement-de-peintures-Reserves-ouvertes-Box-with-Views-Chapitre-1-sept-2025-495x700.gif\" alt=\"\" class=\"wp-image-1268\" srcset=\"https:\/\/www.stephaniemenase.com\/wp-content\/uploads\/2025\/08\/entassement-de-peintures-Reserves-ouvertes-Box-with-Views-Chapitre-1-sept-2025-495x700.gif 495w, https:\/\/www.stephaniemenase.com\/wp-content\/uploads\/2025\/08\/entassement-de-peintures-Reserves-ouvertes-Box-with-Views-Chapitre-1-sept-2025-212x300.gif 212w, https:\/\/www.stephaniemenase.com\/wp-content\/uploads\/2025\/08\/entassement-de-peintures-Reserves-ouvertes-Box-with-Views-Chapitre-1-sept-2025-768x1086.gif 768w\" sizes=\"auto, (max-width: 495px) 100vw, 495px\" \/><\/figure><\/div>\n\n\n<h2 class=\"wp-block-heading\">R\u00e9serves ouvertes &#8211; Box with Views<\/h2>\n\n\n\n<p>Depuis le confinement, la question de la poursuite de la cr\u00e9ation dans un espace satur\u00e9 s\u2019est impos\u00e9e comme une n\u00e9cessit\u00e9. J\u2019ouvre, \u00e0 l&rsquo;occasion des JNA 2025, un box du garde-meuble, o\u00f9 mes \u0153uvres se sont accumul\u00e9es, pour en faire l\u2019espace d\u2019une r\u00e9trospective. Cette premi\u00e8re \u00e9tape du cycle \u00ab\u00a0R\u00e9serves ouvertes\u00a0\u00bb ne montre (presque) rien des derniers travaux&nbsp;: elle propose un regard sur des p\u00e9riodes ant\u00e9rieures, dans une mise en sc\u00e8ne oscillant entre accrochage et accumulation. Chaque tableau devient ainsi une fen\u00eatre dans l\u2019espace clos, une respiration, un horizon int\u00e9rieur, un lointain tout proche&nbsp;; et le dispositif, une invitation \u00e0 rechercher une \u0153uvre ou \u00e0 en red\u00e9couvrir des aspects.<br><\/p>\n\n\n\n<h3 class=\"wp-block-heading\"><strong><em>Une Pi\u00e8ce en plus, 20-22 rue Barrault, 75013 Paris, FRANCE<br>Box n\u00b0355 &#8211; Rez-de-Chauss\u00e9e<br>10h30-12h30 et 13h30-17h30 (le site ferme \u00e0 18h pr\u00e9cise)<\/em><\/strong><\/h3>\n\n\n\n<figure class=\"wp-block-embed is-type-wp-embed is-provider-la-maison-des-artistes wp-block-embed-la-maison-des-artistes\"><div class=\"wp-block-embed__wrapper\">\nhttps:\/\/www.lamaisondesartistes.fr\/site\/recherche-de-lieux-ou-dartistes\/evenement\/110207\/\n<\/div><\/figure>\n\n\n\n<p><\/p>\n","protected":false},"excerpt":{"rendered":"<p>Exposition personnelle dans le cadre des JNA 2025 \u2013 MdA13 &amp; 14 septembre 2025 R\u00e9serves&#8230;<\/p>\n","protected":false},"author":1,"featured_media":1268,"parent":0,"menu_order":0,"comment_status":"closed","ping_status":"closed","template":"","meta":{"footnotes":""},"class_list":["post-1278","page","type-page","status-publish","has-post-thumbnail","hentry"],"_links":{"self":[{"href":"https:\/\/www.stephaniemenase.com\/index.php?rest_route=\/wp\/v2\/pages\/1278","targetHints":{"allow":["GET"]}}],"collection":[{"href":"https:\/\/www.stephaniemenase.com\/index.php?rest_route=\/wp\/v2\/pages"}],"about":[{"href":"https:\/\/www.stephaniemenase.com\/index.php?rest_route=\/wp\/v2\/types\/page"}],"author":[{"embeddable":true,"href":"https:\/\/www.stephaniemenase.com\/index.php?rest_route=\/wp\/v2\/users\/1"}],"replies":[{"embeddable":true,"href":"https:\/\/www.stephaniemenase.com\/index.php?rest_route=%2Fwp%2Fv2%2Fcomments&post=1278"}],"version-history":[{"count":4,"href":"https:\/\/www.stephaniemenase.com\/index.php?rest_route=\/wp\/v2\/pages\/1278\/revisions"}],"predecessor-version":[{"id":1286,"href":"https:\/\/www.stephaniemenase.com\/index.php?rest_route=\/wp\/v2\/pages\/1278\/revisions\/1286"}],"wp:featuredmedia":[{"embeddable":true,"href":"https:\/\/www.stephaniemenase.com\/index.php?rest_route=\/wp\/v2\/media\/1268"}],"wp:attachment":[{"href":"https:\/\/www.stephaniemenase.com\/index.php?rest_route=%2Fwp%2Fv2%2Fmedia&parent=1278"}],"curies":[{"name":"wp","href":"https:\/\/api.w.org\/{rel}","templated":true}]}}