{"id":961,"date":"2019-04-19T12:31:23","date_gmt":"2019-04-19T12:31:23","guid":{"rendered":"http:\/\/www.stephaniemenase.com\/?page_id=961"},"modified":"2019-04-19T12:31:23","modified_gmt":"2019-04-19T12:31:23","slug":"principes-conditions-modalites-en-feldenkrais-_-trad-fr-s-menase","status":"publish","type":"page","link":"http:\/\/www.stephaniemenase.com\/?page_id=961","title":{"rendered":"Principes, conditions, modalit\u00e9s en Feldenkrais _ trad. fr. S.M\u00e9nas\u00e9"},"content":{"rendered":"<p><a href=\"http:\/\/www.stephaniemenase.com\/wp-content\/uploads\/2019\/04\/S_Menase_Principes-modalit\u00e9s-conditions-dans-le-Feldenkrais-_trad-fr.pdf\">S_Menase_Principes modalit\u00e9s conditions dans le Feldenkrais _trad fr<\/a><\/p>\n","protected":false},"excerpt":{"rendered":"<p>S_Menase_Principes modalit\u00e9s conditions dans le Feldenkrais _trad fr<\/p>\n","protected":false},"author":1,"featured_media":0,"parent":0,"menu_order":0,"comment_status":"closed","ping_status":"closed","template":"","meta":{"footnotes":""},"class_list":["post-961","page","type-page","status-publish","hentry"],"_links":{"self":[{"href":"http:\/\/www.stephaniemenase.com\/index.php?rest_route=\/wp\/v2\/pages\/961","targetHints":{"allow":["GET"]}}],"collection":[{"href":"http:\/\/www.stephaniemenase.com\/index.php?rest_route=\/wp\/v2\/pages"}],"about":[{"href":"http:\/\/www.stephaniemenase.com\/index.php?rest_route=\/wp\/v2\/types\/page"}],"author":[{"embeddable":true,"href":"http:\/\/www.stephaniemenase.com\/index.php?rest_route=\/wp\/v2\/users\/1"}],"replies":[{"embeddable":true,"href":"http:\/\/www.stephaniemenase.com\/index.php?rest_route=%2Fwp%2Fv2%2Fcomments&post=961"}],"version-history":[{"count":1,"href":"http:\/\/www.stephaniemenase.com\/index.php?rest_route=\/wp\/v2\/pages\/961\/revisions"}],"predecessor-version":[{"id":963,"href":"http:\/\/www.stephaniemenase.com\/index.php?rest_route=\/wp\/v2\/pages\/961\/revisions\/963"}],"wp:attachment":[{"href":"http:\/\/www.stephaniemenase.com\/index.php?rest_route=%2Fwp%2Fv2%2Fmedia&parent=961"}],"curies":[{"name":"wp","href":"https:\/\/api.w.org\/{rel}","templated":true}]}}