{"id":919,"date":"2019-04-14T07:22:50","date_gmt":"2019-04-14T07:22:50","guid":{"rendered":"http:\/\/www.stephaniemenase.com\/?page_id=919"},"modified":"2020-10-21T12:09:46","modified_gmt":"2020-10-21T12:09:46","slug":"seances-de-groupe","status":"publish","type":"page","link":"http:\/\/www.stephaniemenase.com\/?page_id=919","title":{"rendered":"s\u00e9ances de groupe"},"content":{"rendered":"<p align=\"LEFT\"><span style=\"color: #000000;\"><span style=\"font-family: Arimo, sans-serif;\"><span style=\"font-size: small;\"><span style=\"color: #1d2129;\"><u>Horaires<\/u><\/span><span style=\"color: #1d2129;\">\u00a0<\/span><span style=\"color: #1d2129;\">des s\u00e9ances de groupe en pr\u00e9sence (le\u00e7ons de 50\/55mn) en fran\u00e7ais<\/span><\/span><\/span><\/span><\/p>\n<ul>\n<li><span style=\"color: #000000;\"><span style=\"font-family: Arimo, sans-serif;\"><span style=\"font-size: small;\">mardi 10h-11h; 11h15-12h15; 12h30-13h30 &#8211; quartier des Gobelins<\/span><\/span><\/span><\/li>\n<li><span style=\"color: #000000;\"><span style=\"font-family: Arimo, sans-serif;\"><span style=\"font-size: small;\">vendredi 10h30-11h30; 11h45-12h45 &#8211; quartier des Gobelins<\/span><\/span><\/span><\/li>\n<\/ul>\n<p><span style=\"color: #000000;\"><span style=\"font-family: Arimo, sans-serif;\"><span style=\"font-size: small;\"><span style=\"color: #1d2129;\"><u>Horaires<\/u><\/span><span style=\"color: #1d2129;\">\u00a0<\/span><span style=\"color: #1d2129;\">des s\u00e9ances de groupe en ligne (le\u00e7ons de 50\/55mn) en fran\u00e7ais<\/span><\/span><\/span><\/span><\/p>\n<ul>\n<li><span style=\"color: #000000;\"><span style=\"font-family: Arimo, sans-serif;\"><span style=\"font-size: small;\">lundi 10h-11h &#8211; Zoom<\/span><\/span><\/span><\/li>\n<li><span style=\"color: #000000;\"><span style=\"font-family: Arimo, sans-serif;\"><span style=\"font-size: small;\">mercredi 9h-10h &#8211; Zoom<\/span><\/span><\/span><\/li>\n<li><span style=\"color: #000000;\"><span style=\"font-family: Arimo, sans-serif;\"><span style=\"font-size: small;\">jeudi 10h-11h &#8211; Zoom<\/span><\/span><\/span><\/li>\n<\/ul>\n","protected":false},"excerpt":{"rendered":"<p>Horaires\u00a0des s\u00e9ances de groupe en pr\u00e9sence (le\u00e7ons de 50\/55mn) en fran\u00e7ais mardi 10h-11h; 11h15-12h15; 12h30-13h30&#8230;<\/p>\n","protected":false},"author":1,"featured_media":0,"parent":0,"menu_order":0,"comment_status":"closed","ping_status":"closed","template":"","meta":{"footnotes":""},"class_list":["post-919","page","type-page","status-publish","hentry"],"_links":{"self":[{"href":"http:\/\/www.stephaniemenase.com\/index.php?rest_route=\/wp\/v2\/pages\/919","targetHints":{"allow":["GET"]}}],"collection":[{"href":"http:\/\/www.stephaniemenase.com\/index.php?rest_route=\/wp\/v2\/pages"}],"about":[{"href":"http:\/\/www.stephaniemenase.com\/index.php?rest_route=\/wp\/v2\/types\/page"}],"author":[{"embeddable":true,"href":"http:\/\/www.stephaniemenase.com\/index.php?rest_route=\/wp\/v2\/users\/1"}],"replies":[{"embeddable":true,"href":"http:\/\/www.stephaniemenase.com\/index.php?rest_route=%2Fwp%2Fv2%2Fcomments&post=919"}],"version-history":[{"count":2,"href":"http:\/\/www.stephaniemenase.com\/index.php?rest_route=\/wp\/v2\/pages\/919\/revisions"}],"predecessor-version":[{"id":1038,"href":"http:\/\/www.stephaniemenase.com\/index.php?rest_route=\/wp\/v2\/pages\/919\/revisions\/1038"}],"wp:attachment":[{"href":"http:\/\/www.stephaniemenase.com\/index.php?rest_route=%2Fwp%2Fv2%2Fmedia&parent=919"}],"curies":[{"name":"wp","href":"https:\/\/api.w.org\/{rel}","templated":true}]}}