{"id":901,"date":"2019-04-13T08:36:04","date_gmt":"2019-04-13T08:36:04","guid":{"rendered":"http:\/\/www.stephaniemenase.com\/?page_id=901"},"modified":"2019-04-13T08:36:24","modified_gmt":"2019-04-13T08:36:24","slug":"passivite-et-creation","status":"publish","type":"page","link":"http:\/\/www.stephaniemenase.com\/?page_id=901","title":{"rendered":"Passivit\u00e9 et cr\u00e9ation"},"content":{"rendered":"<p><span style=\"font-family: Arial, sans-serif;\"><span style=\"font-size: small;\"><span style=\"color: #000080;\"><span lang=\"fr-FR\"><i>Passivit\u00e9 et cr\u00e9ation<\/i><\/span><\/span><span style=\"color: #000080;\"><span lang=\"fr-FR\">, ouvrage autour de la pens\u00e9e de Maurice Merleau-Ponty et de certaines pratiques de la peinture moderne et contemporaine (23 illustr.), Paris, PUF, coll. \u00ab\u00a0Pratiques th\u00e9oriques\u00a0\u00bb, 2003, 270 p.<img loading=\"lazy\" decoding=\"async\" class=\"alignleft size-medium wp-image-902\" src=\"http:\/\/www.stephaniemenase.com\/wp-content\/uploads\/2019\/04\/couv-sm-208x300.jpg\" alt=\"\" width=\"208\" height=\"300\" srcset=\"http:\/\/www.stephaniemenase.com\/wp-content\/uploads\/2019\/04\/couv-sm-208x300.jpg 208w, http:\/\/www.stephaniemenase.com\/wp-content\/uploads\/2019\/04\/couv-sm-768x1106.jpg 768w, http:\/\/www.stephaniemenase.com\/wp-content\/uploads\/2019\/04\/couv-sm-486x700.jpg 486w\" sizes=\"auto, (max-width: 208px) 100vw, 208px\" \/><\/span><\/span><\/span><\/span><\/p>\n","protected":false},"excerpt":{"rendered":"<p>Passivit\u00e9 et cr\u00e9ation, ouvrage autour de la pens\u00e9e de Maurice Merleau-Ponty et de certaines pratiques&#8230;<\/p>\n","protected":false},"author":1,"featured_media":0,"parent":0,"menu_order":0,"comment_status":"closed","ping_status":"closed","template":"","meta":{"footnotes":""},"class_list":["post-901","page","type-page","status-publish","hentry"],"_links":{"self":[{"href":"http:\/\/www.stephaniemenase.com\/index.php?rest_route=\/wp\/v2\/pages\/901","targetHints":{"allow":["GET"]}}],"collection":[{"href":"http:\/\/www.stephaniemenase.com\/index.php?rest_route=\/wp\/v2\/pages"}],"about":[{"href":"http:\/\/www.stephaniemenase.com\/index.php?rest_route=\/wp\/v2\/types\/page"}],"author":[{"embeddable":true,"href":"http:\/\/www.stephaniemenase.com\/index.php?rest_route=\/wp\/v2\/users\/1"}],"replies":[{"embeddable":true,"href":"http:\/\/www.stephaniemenase.com\/index.php?rest_route=%2Fwp%2Fv2%2Fcomments&post=901"}],"version-history":[{"count":1,"href":"http:\/\/www.stephaniemenase.com\/index.php?rest_route=\/wp\/v2\/pages\/901\/revisions"}],"predecessor-version":[{"id":903,"href":"http:\/\/www.stephaniemenase.com\/index.php?rest_route=\/wp\/v2\/pages\/901\/revisions\/903"}],"wp:attachment":[{"href":"http:\/\/www.stephaniemenase.com\/index.php?rest_route=%2Fwp%2Fv2%2Fmedia&parent=901"}],"curies":[{"name":"wp","href":"https:\/\/api.w.org\/{rel}","templated":true}]}}