{"id":808,"date":"2018-05-04T09:22:34","date_gmt":"2018-05-04T09:22:34","guid":{"rendered":"http:\/\/www.stephaniemenase.com\/?page_id=808"},"modified":"2018-06-16T08:07:28","modified_gmt":"2018-06-16T08:07:28","slug":"travailler-en-feldenkrais-avec-des-manifestations-non-verbales","status":"publish","type":"page","link":"http:\/\/www.stephaniemenase.com\/?page_id=808","title":{"rendered":"Travailler en Feldenkrais avec des manifestations non verbales"},"content":{"rendered":"<p><span style=\"font-family: 'Sitka Heading';\"><span style=\"font-size: medium;\">\u00ab\u00a0Discerner les nuances et les registres dans le cas de manifestations non verbales\u00a0\u00bb<\/span><\/span><sup><span style=\"font-family: 'Sitka Heading';\"><span style=\"font-size: medium;\"><a class=\"sdfootnoteanc\" href=\"#sdfootnote1sym\" name=\"sdfootnote1anc\">1<br \/>\n<\/a><\/span><\/span><\/sup><span style=\"font-family: 'Sitka Heading';\"><span style=\"font-size: medium;\"><i>par St\u00e9phanie M\u00e9nas\u00e9<\/i><\/span><\/span><\/p>\n<p><span style=\"font-family: 'Sitka Heading';\"><span style=\"font-size: medium;\">Deux exemples\u00a0: <\/span><\/span><\/p>\n<ul>\n<li><span style=\"font-size: medium;\"><a href=\"https:\/\/drive.google.com\/file\/d\/1DQcbOFbQChxVUKuVU9MEjcqMqkGNJHCf\/view?usp=sharing\"><span style=\"font-family: 'Sitka Heading';\">les pleurs d&rsquo;un petit<\/span><\/a><\/span><\/li>\n<li><span style=\"font-size: medium;\"><a href=\"https:\/\/drive.google.com\/file\/d\/1bcfIWhBmgA3SQODEd2mI7wcibiysurwE\/view?usp=sharing\"><span style=\"font-family: 'Sitka Heading';\">les grimaces de douleur d&rsquo;une \u00e9l\u00e8ve<\/span><\/a><\/span><\/li>\n<\/ul>\n<div id=\"sdfootnote1\">\n<h6 class=\"sdfootnote\"><span style=\"font-family: 'Sitka Heading';\"><a class=\"sdfootnotesym\" href=\"#sdfootnote1anc\" name=\"sdfootnote1sym\">1<\/a>. J&rsquo;entends par <i>verbal<\/i>, un ensemble articul\u00e9 (ou ordonn\u00e9) de propositions compos\u00e9es de plusieurs termes dans un registre d&rsquo;expression commun.<\/span><\/h6>\n<\/div>\n","protected":false},"excerpt":{"rendered":"<p>\u00ab\u00a0Discerner les nuances et les registres dans le cas de manifestations non verbales\u00a0\u00bb1 par St\u00e9phanie&#8230;<\/p>\n","protected":false},"author":1,"featured_media":0,"parent":0,"menu_order":0,"comment_status":"closed","ping_status":"closed","template":"","meta":{"footnotes":""},"class_list":["post-808","page","type-page","status-publish","hentry"],"_links":{"self":[{"href":"http:\/\/www.stephaniemenase.com\/index.php?rest_route=\/wp\/v2\/pages\/808","targetHints":{"allow":["GET"]}}],"collection":[{"href":"http:\/\/www.stephaniemenase.com\/index.php?rest_route=\/wp\/v2\/pages"}],"about":[{"href":"http:\/\/www.stephaniemenase.com\/index.php?rest_route=\/wp\/v2\/types\/page"}],"author":[{"embeddable":true,"href":"http:\/\/www.stephaniemenase.com\/index.php?rest_route=\/wp\/v2\/users\/1"}],"replies":[{"embeddable":true,"href":"http:\/\/www.stephaniemenase.com\/index.php?rest_route=%2Fwp%2Fv2%2Fcomments&post=808"}],"version-history":[{"count":1,"href":"http:\/\/www.stephaniemenase.com\/index.php?rest_route=\/wp\/v2\/pages\/808\/revisions"}],"predecessor-version":[{"id":809,"href":"http:\/\/www.stephaniemenase.com\/index.php?rest_route=\/wp\/v2\/pages\/808\/revisions\/809"}],"wp:attachment":[{"href":"http:\/\/www.stephaniemenase.com\/index.php?rest_route=%2Fwp%2Fv2%2Fmedia&parent=808"}],"curies":[{"name":"wp","href":"https:\/\/api.w.org\/{rel}","templated":true}]}}