{"id":1240,"date":"2025-04-27T18:17:15","date_gmt":"2025-04-27T18:17:15","guid":{"rendered":"https:\/\/www.stephaniemenase.com\/?page_id=1240"},"modified":"2025-10-22T15:57:49","modified_gmt":"2025-10-22T15:57:49","slug":"feldenkrais-lecons-lessons","status":"publish","type":"page","link":"http:\/\/www.stephaniemenase.com\/?page_id=1240","title":{"rendered":"Feldenkrais le\u00e7ons\/lessons"},"content":{"rendered":"\n<p>Programme des s\u00e9ances r\u00e9guli\u00e8res\/ <em>Regular session schedule<\/em>*<br>par St\u00e9phanie M\u00e9nas\u00e9 (AT)<br>renseignements:&nbsp;stephanie.menase@free.fr<\/p>\n\n\n\n<p>I. Cours collectifs\/ <em>Group lessons<\/em> (ATM- Awareness Through Movement) &#8211; environ 1h\/ around 1h<\/p>\n\n\n\n<p>&#8211; <strong>par zoom<\/strong> en fran\u00e7ais<\/p>\n\n\n\n<ul class=\"wp-block-list\">\n<li>lundi: 10h<\/li>\n\n\n\n<li>mercredi: 9h<\/li>\n\n\n\n<li>jeudi: 10h<\/li>\n<\/ul>\n\n\n\n<p><em>&#8211; <strong>by zoom<\/strong> in English <br>with <strong>Feldenkrais Daily<\/strong> : 1 or 2 session by month; To register and find out about the financial conditions,  contact the <a href=\"feldenkraisdaily.org@gmail.com\">organizer<\/a><\/em><\/p>\n\n\n\n<p>&#8211; <strong>en pr\u00e9sence <\/strong>(Paris 13e)&nbsp;\/nombre de places limit\u00e9&nbsp;&#8211; inscription n\u00e9cessaire<\/p>\n\n\n\n<ul class=\"wp-block-list\">\n<li>mardi: 11h15; 12h30; 15h<\/li>\n\n\n\n<li>vendredi: 10h30; 11h45<\/li>\n<\/ul>\n\n\n\n<p>II. S\u00e9ances individuelles (IF- Int\u00e9gration fonctionnelle)<br>Sur rendez-vous: acuitepf1@gmail.com<\/p>\n\n\n\n<p>III. Ateliers pour praticiens Feldenkrais certifi\u00e9s<br>Programme sur demande aupr\u00e8s de St\u00e9phanie M\u00e9nas\u00e9 (<em>Assistant trainer<\/em>)<\/p>\n\n\n\n<p><em>*programme diff\u00e9rent pendant les vacances scolaires<\/em>\/ <em>different program during school holidays<\/em><br>du 17 octobre au 2 novembre 2025, seules les s\u00e9ances par zoom sont maintenues<\/p>\n\n\n\n<p><\/p>\n","protected":false},"excerpt":{"rendered":"<p>Programme des s\u00e9ances r\u00e9guli\u00e8res\/ Regular session schedule*par St\u00e9phanie M\u00e9nas\u00e9 (AT)renseignements:&nbsp;stephanie.menase@free.fr I. Cours collectifs\/ Group lessons&#8230;<\/p>\n","protected":false},"author":1,"featured_media":0,"parent":0,"menu_order":0,"comment_status":"closed","ping_status":"closed","template":"","meta":{"footnotes":""},"class_list":["post-1240","page","type-page","status-publish","hentry"],"_links":{"self":[{"href":"http:\/\/www.stephaniemenase.com\/index.php?rest_route=\/wp\/v2\/pages\/1240","targetHints":{"allow":["GET"]}}],"collection":[{"href":"http:\/\/www.stephaniemenase.com\/index.php?rest_route=\/wp\/v2\/pages"}],"about":[{"href":"http:\/\/www.stephaniemenase.com\/index.php?rest_route=\/wp\/v2\/types\/page"}],"author":[{"embeddable":true,"href":"http:\/\/www.stephaniemenase.com\/index.php?rest_route=\/wp\/v2\/users\/1"}],"replies":[{"embeddable":true,"href":"http:\/\/www.stephaniemenase.com\/index.php?rest_route=%2Fwp%2Fv2%2Fcomments&post=1240"}],"version-history":[{"count":7,"href":"http:\/\/www.stephaniemenase.com\/index.php?rest_route=\/wp\/v2\/pages\/1240\/revisions"}],"predecessor-version":[{"id":1312,"href":"http:\/\/www.stephaniemenase.com\/index.php?rest_route=\/wp\/v2\/pages\/1240\/revisions\/1312"}],"wp:attachment":[{"href":"http:\/\/www.stephaniemenase.com\/index.php?rest_route=%2Fwp%2Fv2%2Fmedia&parent=1240"}],"curies":[{"name":"wp","href":"https:\/\/api.w.org\/{rel}","templated":true}]}}