{"id":1112,"date":"2022-04-12T14:21:38","date_gmt":"2022-04-12T14:21:38","guid":{"rendered":"http:\/\/www.stephaniemenase.com\/?page_id=1112"},"modified":"2022-04-14T07:31:47","modified_gmt":"2022-04-14T07:31:47","slug":"reflexions-concernant-la-recherche-sur-le-fonctionnement-de-systeme-nerveux","status":"publish","type":"page","link":"http:\/\/www.stephaniemenase.com\/?page_id=1112","title":{"rendered":"R\u00e9flexions concernant la recherche sur le fonctionnement du syst\u00e8me nerveux"},"content":{"rendered":"\n<p style=\"text-align:left\">\u00ab\u00a0R\u00e9flexions concernant la recherche sur le fonctionnement du syst\u00e8me nerveux. \u00c9l\u00e9ments tir\u00e9s de Gy\u00f6rgy Buzs\u00e1ki, <em>The Brain from Inside Out <\/em>et Perspectives pour la M\u00e9thode Feldenkrais\u00a0\u00bb<\/p>\n\n\n\n<p>par St\u00e9phanie M\u00e9nas\u00e9<br>cet article a paru (avril 2022) en anglais sur <a href=\"http:\/\/Book Review: Reflections on research into the functioning of the nervous system \u2013 IFF Research Network (feldsci.net)\">IFF research network <\/a><br><br><br><\/p>\n\n\n\n<p>version en fran\u00e7ais disponible <a href=\"https:\/\/drive.google.com\/file\/d\/1fgCjPe9hTWOgjBnaMPd5t1JTXgLiAlEB\/view?usp=sharing\">ici<\/a><\/p>\n","protected":false},"excerpt":{"rendered":"<p>\u00ab\u00a0R\u00e9flexions concernant la recherche sur le fonctionnement du syst\u00e8me nerveux. \u00c9l\u00e9ments tir\u00e9s de Gy\u00f6rgy Buzs\u00e1ki,&#8230;<\/p>\n","protected":false},"author":1,"featured_media":0,"parent":0,"menu_order":0,"comment_status":"closed","ping_status":"closed","template":"","meta":{"footnotes":""},"class_list":["post-1112","page","type-page","status-publish","hentry"],"_links":{"self":[{"href":"http:\/\/www.stephaniemenase.com\/index.php?rest_route=\/wp\/v2\/pages\/1112","targetHints":{"allow":["GET"]}}],"collection":[{"href":"http:\/\/www.stephaniemenase.com\/index.php?rest_route=\/wp\/v2\/pages"}],"about":[{"href":"http:\/\/www.stephaniemenase.com\/index.php?rest_route=\/wp\/v2\/types\/page"}],"author":[{"embeddable":true,"href":"http:\/\/www.stephaniemenase.com\/index.php?rest_route=\/wp\/v2\/users\/1"}],"replies":[{"embeddable":true,"href":"http:\/\/www.stephaniemenase.com\/index.php?rest_route=%2Fwp%2Fv2%2Fcomments&post=1112"}],"version-history":[{"count":6,"href":"http:\/\/www.stephaniemenase.com\/index.php?rest_route=\/wp\/v2\/pages\/1112\/revisions"}],"predecessor-version":[{"id":1130,"href":"http:\/\/www.stephaniemenase.com\/index.php?rest_route=\/wp\/v2\/pages\/1112\/revisions\/1130"}],"wp:attachment":[{"href":"http:\/\/www.stephaniemenase.com\/index.php?rest_route=%2Fwp%2Fv2%2Fmedia&parent=1112"}],"curies":[{"name":"wp","href":"https:\/\/api.w.org\/{rel}","templated":true}]}}